{"id":948,"date":"2026-03-06T10:12:19","date_gmt":"2026-03-06T10:12:19","guid":{"rendered":"https:\/\/simkopince.hu\/?post_type=product&#038;p=948"},"modified":"2026-03-06T17:07:34","modified_gmt":"2026-03-06T17:07:34","slug":"tokaji-aszu-5-puttonyos","status":"publish","type":"product","link":"https:\/\/simkopince.hu\/en\/product\/tokaji-aszu-5-puttonyos\/","title":{"rendered":"Tokaji Asz\u00fa 5 Puttonyos"},"content":{"rendered":"<p>A Tokaj-hegyaljai borvid\u00e9k legismertebb \u00e9s egyben a legkedveltebb desszertbora. K\u00e9sz\u00edt\u00e9se t\u00f6bb \u00e9vsz\u00e1zados m\u00faltra ny\u00falik vissza. Szemenk\u00e9nt v\u00e1logatott, asz\u00fasodott sz\u0151l\u0151szemek feldolgoz\u00e1s\u00e1b\u00f3l sz\u00e1rmazik. Illata, \u00edze tokaji nemes borok minden eleganci\u00e1j\u00e1t mag\u00e1n hordozza. Fogyaszt\u00e1sa 10-12\u00b0C-on, mer\u00e9szebbeknek libam\u00e1jhoz, sajtokhoz valamint desszertekhez, melyek els\u0151sorban di\u00f3s, geszteny\u00e9s \u00edzes\u00edt\u00e9s\u0171ek.<\/p>\n<p>Kiszerel\u00e9s:0,5 L<br \/>\nAlkoholtartalom:11,0 %<br \/>\nSavtartalom:6,63 g\/l<br \/>\nExtrakt tartalom:52,4 g\/l<br \/>\npH:3,58<br \/>\nCukortartalom:142,1 g\/l<\/p>","protected":false},"excerpt":{"rendered":"<p>\u00c9des<\/p>","protected":false},"featured_media":3306,"template":"","meta":[],"product_brand":[],"product_cat":[24],"product_tag":[],"class_list":{"0":"post-948","1":"product","2":"type-product","3":"status-publish","4":"has-post-thumbnail","6":"product_cat-edes","8":"first","9":"instock","10":"shipping-taxable","11":"purchasable","12":"product-type-simple"},"_links":{"self":[{"href":"https:\/\/simkopince.hu\/en\/wp-json\/wp\/v2\/product\/948","targetHints":{"allow":["GET"]}}],"collection":[{"href":"https:\/\/simkopince.hu\/en\/wp-json\/wp\/v2\/product"}],"about":[{"href":"https:\/\/simkopince.hu\/en\/wp-json\/wp\/v2\/types\/product"}],"wp:featuredmedia":[{"embeddable":true,"href":"https:\/\/simkopince.hu\/en\/wp-json\/wp\/v2\/media\/3306"}],"wp:attachment":[{"href":"https:\/\/simkopince.hu\/en\/wp-json\/wp\/v2\/media?parent=948"}],"wp:term":[{"taxonomy":"product_brand","embeddable":true,"href":"https:\/\/simkopince.hu\/en\/wp-json\/wp\/v2\/product_brand?post=948"},{"taxonomy":"product_cat","embeddable":true,"href":"https:\/\/simkopince.hu\/en\/wp-json\/wp\/v2\/product_cat?post=948"},{"taxonomy":"product_tag","embeddable":true,"href":"https:\/\/simkopince.hu\/en\/wp-json\/wp\/v2\/product_tag?post=948"}],"curies":[{"name":"wp","href":"https:\/\/api.w.org\/{rel}","templated":true}]}}