{"id":894,"date":"2026-03-06T10:03:50","date_gmt":"2026-03-06T10:03:50","guid":{"rendered":"https:\/\/simkopince.hu\/?post_type=product&#038;p=894"},"modified":"2026-03-06T16:55:14","modified_gmt":"2026-03-06T16:55:14","slug":"prosimko-gyongyozobor-feledes","status":"publish","type":"product","link":"https:\/\/simkopince.hu\/en\/product\/prosimko-gyongyozobor-feledes\/","title":{"rendered":"PROSIMKO Gy\u00f6ngy\u00f6z\u0151bor &#8211; \u00e9des"},"content":{"rendered":"<p>S\u00e1rgamuskot\u00e1ly sz\u0151l\u0151b\u0151l k\u00e9sz\u00edtett f\u00e9l\u00e9des gy\u00f6ngy\u00f6z\u0151 borunk. Igazi friss\u00edt\u0151, gy\u00fcm\u00f6lcs\u00f6s t\u00e9tel, a csal\u00e1d egyik kedvence.<\/p>\n<p>Kiszerel\u00e9s: 0.75 L<br \/>\nAlkoholtartalom: 11%<br \/>\nSavtartalom: 6,9 g\/l<br \/>\nExtrakt tartalom: 29,4 g\/l<br \/>\npH: 3,3<br \/>\nCukortartalom: 30,3 g\/l<\/p>","protected":false},"excerpt":{"rendered":"<p>\u00c9des<\/p>","protected":false},"featured_media":3296,"template":"","meta":[],"product_brand":[],"product_cat":[24],"product_tag":[],"class_list":{"0":"post-894","1":"product","2":"type-product","3":"status-publish","4":"has-post-thumbnail","6":"product_cat-edes","8":"first","9":"instock","10":"shipping-taxable","11":"purchasable","12":"product-type-simple"},"_links":{"self":[{"href":"https:\/\/simkopince.hu\/en\/wp-json\/wp\/v2\/product\/894","targetHints":{"allow":["GET"]}}],"collection":[{"href":"https:\/\/simkopince.hu\/en\/wp-json\/wp\/v2\/product"}],"about":[{"href":"https:\/\/simkopince.hu\/en\/wp-json\/wp\/v2\/types\/product"}],"wp:featuredmedia":[{"embeddable":true,"href":"https:\/\/simkopince.hu\/en\/wp-json\/wp\/v2\/media\/3296"}],"wp:attachment":[{"href":"https:\/\/simkopince.hu\/en\/wp-json\/wp\/v2\/media?parent=894"}],"wp:term":[{"taxonomy":"product_brand","embeddable":true,"href":"https:\/\/simkopince.hu\/en\/wp-json\/wp\/v2\/product_brand?post=894"},{"taxonomy":"product_cat","embeddable":true,"href":"https:\/\/simkopince.hu\/en\/wp-json\/wp\/v2\/product_cat?post=894"},{"taxonomy":"product_tag","embeddable":true,"href":"https:\/\/simkopince.hu\/en\/wp-json\/wp\/v2\/product_tag?post=894"}],"curies":[{"name":"wp","href":"https:\/\/api.w.org\/{rel}","templated":true}]}}