{"id":3293,"date":"2026-03-06T10:02:53","date_gmt":"2026-03-06T10:02:53","guid":{"rendered":"https:\/\/simkopince.hu\/?post_type=product&#038;p=3293"},"modified":"2026-03-06T16:45:46","modified_gmt":"2026-03-06T16:45:46","slug":"prosimko-gyongyozobor","status":"publish","type":"product","link":"https:\/\/simkopince.hu\/en\/product\/prosimko-gyongyozobor\/","title":{"rendered":"PROSIMKO Gy\u00f6ngy\u00f6z\u0151bor sz\u00e1raz"},"content":{"rendered":"<p>Mind a gy\u00f6ngy\u00f6z\u0151 borok, mind a Sauvignon Blanc fajta nagy n\u00e9pszer\u0171s\u00e9gnek \u00f6rvend az elm\u00falt \u00e9vekben. A csal\u00e1dban mi is nagy kedvel\u0151i vagyunk ezeknek a friss\u00edt\u0151 \u00e9s gy\u00fcm\u00f6lcs\u00f6s jelleg\u0171 boroknak, ez\u00e9rt k\u00e9sz\u00edtett\u00fck el els\u0151 sz\u00e1raz gy\u00f6ngy\u00f6z\u0151 borunkat ebb\u0151l a fajt\u00e1b\u00f3l.<\/p>\n<p>Kiszerel\u00e9s: 0.75 L<\/p>\n<p>Alkoholtartalom: 12,7 %<\/p>\n<p>Savtartalom: 5,6 g\/l<\/p>\n<p>Extrakt tartalom: 20,5 g\/l<\/p>\n<p>Cukortartalom: 7,0 g\/l<\/p>","protected":false},"excerpt":{"rendered":"<p>Sz\u00e1raz<\/p>","protected":false},"featured_media":3297,"template":"","meta":[],"product_brand":[],"product_cat":[21],"product_tag":[],"class_list":{"0":"post-3293","1":"product","2":"type-product","3":"status-publish","4":"has-post-thumbnail","6":"product_cat-szaraz","8":"first","9":"instock","10":"shipping-taxable","11":"purchasable","12":"product-type-simple"},"_links":{"self":[{"href":"https:\/\/simkopince.hu\/en\/wp-json\/wp\/v2\/product\/3293","targetHints":{"allow":["GET"]}}],"collection":[{"href":"https:\/\/simkopince.hu\/en\/wp-json\/wp\/v2\/product"}],"about":[{"href":"https:\/\/simkopince.hu\/en\/wp-json\/wp\/v2\/types\/product"}],"wp:featuredmedia":[{"embeddable":true,"href":"https:\/\/simkopince.hu\/en\/wp-json\/wp\/v2\/media\/3297"}],"wp:attachment":[{"href":"https:\/\/simkopince.hu\/en\/wp-json\/wp\/v2\/media?parent=3293"}],"wp:term":[{"taxonomy":"product_brand","embeddable":true,"href":"https:\/\/simkopince.hu\/en\/wp-json\/wp\/v2\/product_brand?post=3293"},{"taxonomy":"product_cat","embeddable":true,"href":"https:\/\/simkopince.hu\/en\/wp-json\/wp\/v2\/product_cat?post=3293"},{"taxonomy":"product_tag","embeddable":true,"href":"https:\/\/simkopince.hu\/en\/wp-json\/wp\/v2\/product_tag?post=3293"}],"curies":[{"name":"wp","href":"https:\/\/api.w.org\/{rel}","templated":true}]}}