{"id":203,"date":"2026-03-06T10:14:25","date_gmt":"2026-03-06T10:14:25","guid":{"rendered":"https:\/\/simkopince.hu?post_type=product&#038;p=203"},"modified":"2026-03-06T17:17:03","modified_gmt":"2026-03-06T17:17:03","slug":"tokaji-eszencia","status":"publish","type":"product","link":"https:\/\/simkopince.hu\/en\/product\/tokaji-eszencia\/","title":{"rendered":"Tokaji Eszencia"},"content":{"rendered":"<p>Mi\u00e9rt Aj\u00e1nljuk az Eszenci\u00e1t?<\/p>\n<ul>\n<li>Legfinobb term\u00e9szetes immuner\u0151s\u00edt\u00f3<\/li>\n<li>Elk\u00e9peszt\u0151 \u00edz \u00e9s illat harm\u00f3nia, igazi \u00ednyencs\u00e9g<\/li>\n<li>Gyerekek is fogyaszthatj\u00e1k \u00e9s szeretni fogj\u00e1k<\/li>\n<li>Nagyszer\u0171 \u00e1r-\u00e9rt\u00e9k ar\u00e1ny<\/li>\n<li>Hissz\u00fck, hogy minden magyarnak meg kell k\u00f3stolnia az Esszenci\u00e1t!!!<\/li>\n<\/ul>\n<p>Kiszerel\u00e9s: 0.25 L<br \/>\nAlkoholtartalom: 2,4 %<br \/>\nCukortartalom: 542,9 g\/l<br \/>\nSavtartalom: 10,07 g\/l<br \/>\nCukormentes extrakt tartalom: 100,2 g\/l<br \/>\npH: 3,72<\/p>","protected":false},"excerpt":{"rendered":"<p>Mi\u00e9rt Aj\u00e1nljuk az Eszenci\u00e1t? Legfinobb term\u00e9szetes immuner\u0151s\u00edt\u00f3 Elk\u00e9peszt\u0151 \u00edz \u00e9s illat harm\u00f3nia, igazi \u00ednyencs\u00e9g Gyerekek is fogyaszthatj\u00e1k \u00e9s szeretni fogj\u00e1k Nagyszer\u0171 \u00e1r-\u00e9rt\u00e9k ar\u00e1ny Hissz\u00fck, hogy minden magyarnak meg kell k\u00f3stolnia az Esszenci\u00e1t!!! Kiszerel\u00e9s: 0.25 L Alkoholtartalom: 2,4 % Cukortartalom: 542,9 g\/l Savtartalom: 10,07 g\/l Cukormentes extrakt tartalom: 100,2 g\/l pH: 3,72<\/p>","protected":false},"featured_media":3315,"template":"","meta":[],"product_brand":[],"product_cat":[24],"product_tag":[],"class_list":{"0":"post-203","1":"product","2":"type-product","3":"status-publish","4":"has-post-thumbnail","6":"product_cat-edes","8":"first","9":"instock","10":"shipping-taxable","11":"purchasable","12":"product-type-simple"},"_links":{"self":[{"href":"https:\/\/simkopince.hu\/en\/wp-json\/wp\/v2\/product\/203","targetHints":{"allow":["GET"]}}],"collection":[{"href":"https:\/\/simkopince.hu\/en\/wp-json\/wp\/v2\/product"}],"about":[{"href":"https:\/\/simkopince.hu\/en\/wp-json\/wp\/v2\/types\/product"}],"wp:featuredmedia":[{"embeddable":true,"href":"https:\/\/simkopince.hu\/en\/wp-json\/wp\/v2\/media\/3315"}],"wp:attachment":[{"href":"https:\/\/simkopince.hu\/en\/wp-json\/wp\/v2\/media?parent=203"}],"wp:term":[{"taxonomy":"product_brand","embeddable":true,"href":"https:\/\/simkopince.hu\/en\/wp-json\/wp\/v2\/product_brand?post=203"},{"taxonomy":"product_cat","embeddable":true,"href":"https:\/\/simkopince.hu\/en\/wp-json\/wp\/v2\/product_cat?post=203"},{"taxonomy":"product_tag","embeddable":true,"href":"https:\/\/simkopince.hu\/en\/wp-json\/wp\/v2\/product_tag?post=203"}],"curies":[{"name":"wp","href":"https:\/\/api.w.org\/{rel}","templated":true}]}}