{"id":201,"date":"2026-03-06T10:15:56","date_gmt":"2026-03-06T10:15:56","guid":{"rendered":"https:\/\/simkopince.hu?post_type=product&#038;p=201"},"modified":"2026-03-06T17:22:18","modified_gmt":"2026-03-06T17:22:18","slug":"jegbor","status":"publish","type":"product","link":"https:\/\/simkopince.hu\/en\/product\/jegbor\/","title":{"rendered":"J\u00e9gbor"},"content":{"rendered":"<p>Ezen palack ned\u0171je a Tokaj-hegyaljai Borvid\u00e9k egyik legh\u00edresebb hegyoldal\u00e1n a Kincsem d\u0171l\u0151ben termett. A J\u00e9gbor egy t\u00fal\u00e9rett, megfagyottan sz\u00fcretelt \u00e9s pr\u00e9selt sz\u0151l\u0151b\u0151l k\u00e9sz\u00edtett k\u00fcl\u00f6nlegess\u00e9g. A term\u00e9szet ezen ritka aj\u00e1nd\u00e9k\u00e1t csod\u00e1latos \u00edz harm\u00f3nia jellemzi. \u00cdnyenceknek aj\u00e1nljuk! Aj\u00e1nlott fogyaszt\u00e1si h\u0151m\u00e9rs\u00e9klet 10\u00b0C.<\/p>\n<p>Kiszerel\u00e9s: 0,375 l<br \/>\nAlkoholtartalom:11 %<br \/>\nSavtartalom:6,22 g\/l<br \/>\nExtrakt tartalom:32,4 g\/l<br \/>\npH:3,64<br \/>\nCukortartalom:148,4 g\/l<\/p>","protected":false},"excerpt":{"rendered":"<p>\u00c9des<\/p>","protected":false},"featured_media":3300,"template":"","meta":[],"product_brand":[],"product_cat":[24],"product_tag":[],"class_list":{"0":"post-201","1":"product","2":"type-product","3":"status-publish","4":"has-post-thumbnail","6":"product_cat-edes","8":"first","9":"instock","10":"shipping-taxable","11":"purchasable","12":"product-type-simple"},"_links":{"self":[{"href":"https:\/\/simkopince.hu\/en\/wp-json\/wp\/v2\/product\/201","targetHints":{"allow":["GET"]}}],"collection":[{"href":"https:\/\/simkopince.hu\/en\/wp-json\/wp\/v2\/product"}],"about":[{"href":"https:\/\/simkopince.hu\/en\/wp-json\/wp\/v2\/types\/product"}],"wp:featuredmedia":[{"embeddable":true,"href":"https:\/\/simkopince.hu\/en\/wp-json\/wp\/v2\/media\/3300"}],"wp:attachment":[{"href":"https:\/\/simkopince.hu\/en\/wp-json\/wp\/v2\/media?parent=201"}],"wp:term":[{"taxonomy":"product_brand","embeddable":true,"href":"https:\/\/simkopince.hu\/en\/wp-json\/wp\/v2\/product_brand?post=201"},{"taxonomy":"product_cat","embeddable":true,"href":"https:\/\/simkopince.hu\/en\/wp-json\/wp\/v2\/product_cat?post=201"},{"taxonomy":"product_tag","embeddable":true,"href":"https:\/\/simkopince.hu\/en\/wp-json\/wp\/v2\/product_tag?post=201"}],"curies":[{"name":"wp","href":"https:\/\/api.w.org\/{rel}","templated":true}]}}