{"id":199,"date":"2026-03-06T10:13:10","date_gmt":"2026-03-06T10:13:10","guid":{"rendered":"https:\/\/simkopince.hu?post_type=product&#038;p=199"},"modified":"2026-03-06T17:07:46","modified_gmt":"2026-03-06T17:07:46","slug":"tokaji-aszu-6-puttonyos","status":"publish","type":"product","link":"https:\/\/simkopince.hu\/en\/product\/tokaji-aszu-6-puttonyos\/","title":{"rendered":"Tokaji Asz\u00fa 6 Puttonyos"},"content":{"rendered":"<p>Ritk\u00e1n k\u00e9sz\u00edtett igazi bork\u00fcl\u00f6nlegess\u00e9g. E k\u00fcl\u00f6nleges italban, Tokaj-hegyalja t\u00f6rt\u00e9nelmi hagyom\u00e1nyai elevenednek meg. Sz\u00edne, \u00edze, illata a legnemesebb italok eleganci\u00e1j\u00e1t hordozza mag\u00e1ban. \u00dcnnepi alkalmak koron\u00e1jak\u00e9nt aj\u00e1nljuk. Fogyaszt\u00e1si h\u0151m\u00e9rs\u00e9klete 10\u00b0C.<\/p>\n<p>Kiszerel\u00e9s: 0,5 L<br \/>\nAlkoholtartalom: 11 %<br \/>\nSavtartalom: 9,1 g\/l<br \/>\nCukormentes extrakt tartalom: 51,1 g\/l<br \/>\nCukortartalom: 162,0 g\/l<\/p>","protected":false},"excerpt":{"rendered":"<p>\u00c9des<\/p>","protected":false},"featured_media":3305,"template":"","meta":[],"product_brand":[],"product_cat":[24],"product_tag":[],"class_list":{"0":"post-199","1":"product","2":"type-product","3":"status-publish","4":"has-post-thumbnail","6":"product_cat-edes","8":"first","9":"instock","10":"shipping-taxable","11":"purchasable","12":"product-type-simple"},"_links":{"self":[{"href":"https:\/\/simkopince.hu\/en\/wp-json\/wp\/v2\/product\/199","targetHints":{"allow":["GET"]}}],"collection":[{"href":"https:\/\/simkopince.hu\/en\/wp-json\/wp\/v2\/product"}],"about":[{"href":"https:\/\/simkopince.hu\/en\/wp-json\/wp\/v2\/types\/product"}],"wp:featuredmedia":[{"embeddable":true,"href":"https:\/\/simkopince.hu\/en\/wp-json\/wp\/v2\/media\/3305"}],"wp:attachment":[{"href":"https:\/\/simkopince.hu\/en\/wp-json\/wp\/v2\/media?parent=199"}],"wp:term":[{"taxonomy":"product_brand","embeddable":true,"href":"https:\/\/simkopince.hu\/en\/wp-json\/wp\/v2\/product_brand?post=199"},{"taxonomy":"product_cat","embeddable":true,"href":"https:\/\/simkopince.hu\/en\/wp-json\/wp\/v2\/product_cat?post=199"},{"taxonomy":"product_tag","embeddable":true,"href":"https:\/\/simkopince.hu\/en\/wp-json\/wp\/v2\/product_tag?post=199"}],"curies":[{"name":"wp","href":"https:\/\/api.w.org\/{rel}","templated":true}]}}