{"id":195,"date":"2026-03-06T10:11:01","date_gmt":"2026-03-06T10:11:01","guid":{"rendered":"https:\/\/simkopince.hu?post_type=product&#038;p=195"},"modified":"2026-03-06T17:07:11","modified_gmt":"2026-03-06T17:07:11","slug":"tokaji-4-puttonyos-aszu","status":"publish","type":"product","link":"https:\/\/simkopince.hu\/en\/product\/tokaji-4-puttonyos-aszu\/","title":{"rendered":"Tokaji 4 Puttonyos Asz\u00fa"},"content":{"rendered":"<p>Illata komplex, az asz\u00faszemekb\u0151l ad\u00f3d\u00f3an botritisz, barack \u00e9s egzotikus vir\u00e1gok jelennek meg. Testes, hossz\u00fa bor melyben az alkohol, sav \u00e9s a cukor kerek egyens\u00falyban \u00e9s \u00f6sszhangban jelenik meg.<\/p>\n<p>Kiszerel\u00e9s: 0,5 L<br \/>\nAlkoholtartalom: 11,7 %<br \/>\nSavtartalom: 7,9 g\/l<br \/>\nCukormentes extrakt tartalom: 46,0 g\/l<br \/>\nCukortartalom: 137 g\/l<\/p>","protected":false},"excerpt":{"rendered":"<p>\u00c9des<\/p>","protected":false},"featured_media":3307,"template":"","meta":[],"product_brand":[],"product_cat":[24],"product_tag":[],"class_list":{"0":"post-195","1":"product","2":"type-product","3":"status-publish","4":"has-post-thumbnail","6":"product_cat-edes","8":"first","9":"instock","10":"shipping-taxable","11":"purchasable","12":"product-type-simple"},"_links":{"self":[{"href":"https:\/\/simkopince.hu\/en\/wp-json\/wp\/v2\/product\/195","targetHints":{"allow":["GET"]}}],"collection":[{"href":"https:\/\/simkopince.hu\/en\/wp-json\/wp\/v2\/product"}],"about":[{"href":"https:\/\/simkopince.hu\/en\/wp-json\/wp\/v2\/types\/product"}],"wp:featuredmedia":[{"embeddable":true,"href":"https:\/\/simkopince.hu\/en\/wp-json\/wp\/v2\/media\/3307"}],"wp:attachment":[{"href":"https:\/\/simkopince.hu\/en\/wp-json\/wp\/v2\/media?parent=195"}],"wp:term":[{"taxonomy":"product_brand","embeddable":true,"href":"https:\/\/simkopince.hu\/en\/wp-json\/wp\/v2\/product_brand?post=195"},{"taxonomy":"product_cat","embeddable":true,"href":"https:\/\/simkopince.hu\/en\/wp-json\/wp\/v2\/product_cat?post=195"},{"taxonomy":"product_tag","embeddable":true,"href":"https:\/\/simkopince.hu\/en\/wp-json\/wp\/v2\/product_tag?post=195"}],"curies":[{"name":"wp","href":"https:\/\/api.w.org\/{rel}","templated":true}]}}