{"id":193,"date":"2026-03-06T10:10:04","date_gmt":"2026-03-06T10:10:04","guid":{"rendered":"https:\/\/simkopince.hu?post_type=product&#038;p=193"},"modified":"2026-03-06T17:07:00","modified_gmt":"2026-03-06T17:07:00","slug":"tokaji-aszu-3-puttonyos","status":"publish","type":"product","link":"https:\/\/simkopince.hu\/en\/product\/tokaji-aszu-3-puttonyos\/","title":{"rendered":"Tokaji Asz\u00fa 3 Puttonyos"},"content":{"rendered":"<p>A Tokaj-hegyaljai t\u00f6rt\u00e9nelmi borvid\u00e9k k\u00fcl\u00f6nleges min\u0151s\u00e9g\u0171 desszertbora. K\u00e9sz\u00edt\u00e9se a t\u00f6bb \u00e9vsz\u00e1zados hagyom\u00e1nyoknak megfelel\u0151en, kisfahord\u00f3s \u00e9rlel\u00e9ssel t\u00f6rt\u00e9nik. \u00cdze illata, egyed\u00fcl\u00e1ll\u00f3 harm\u00f3ni\u00e1ja tette XIV Lajos h\u00edres mond\u00e1sa szerint a \u201ekir\u00e1lyok bor\u00e1v\u00e1, a borok kir\u00e1ly\u00e1v\u00e1\u201d. Fogyaszt\u00e1sa 10\u00b0C-on aj\u00e1nlott \u00e9des sajtokhoz, desszertekhez valamint \u00f6nmag\u00e1ban \u00fcnnepi asztalok borak\u00e9nt.<\/p>\n<p>Kiszerel\u00e9s: 0,5 L<br \/>\nAlkoholtartalom: 11,7 %<br \/>\nSavtartalom: 7,9 g\/l<br \/>\nCukormentes extrakt tartalom: 45,4 g\/l<br \/>\nCukortartalom: 129 g\/l<\/p>","protected":false},"excerpt":{"rendered":"<p>\u00c9des<\/p>","protected":false},"featured_media":3308,"template":"","meta":[],"product_brand":[],"product_cat":[24],"product_tag":[],"class_list":{"0":"post-193","1":"product","2":"type-product","3":"status-publish","4":"has-post-thumbnail","6":"product_cat-edes","8":"first","9":"instock","10":"shipping-taxable","11":"purchasable","12":"product-type-simple"},"_links":{"self":[{"href":"https:\/\/simkopince.hu\/en\/wp-json\/wp\/v2\/product\/193","targetHints":{"allow":["GET"]}}],"collection":[{"href":"https:\/\/simkopince.hu\/en\/wp-json\/wp\/v2\/product"}],"about":[{"href":"https:\/\/simkopince.hu\/en\/wp-json\/wp\/v2\/types\/product"}],"wp:featuredmedia":[{"embeddable":true,"href":"https:\/\/simkopince.hu\/en\/wp-json\/wp\/v2\/media\/3308"}],"wp:attachment":[{"href":"https:\/\/simkopince.hu\/en\/wp-json\/wp\/v2\/media?parent=193"}],"wp:term":[{"taxonomy":"product_brand","embeddable":true,"href":"https:\/\/simkopince.hu\/en\/wp-json\/wp\/v2\/product_brand?post=193"},{"taxonomy":"product_cat","embeddable":true,"href":"https:\/\/simkopince.hu\/en\/wp-json\/wp\/v2\/product_cat?post=193"},{"taxonomy":"product_tag","embeddable":true,"href":"https:\/\/simkopince.hu\/en\/wp-json\/wp\/v2\/product_tag?post=193"}],"curies":[{"name":"wp","href":"https:\/\/api.w.org\/{rel}","templated":true}]}}