{"id":191,"date":"2026-03-06T10:09:46","date_gmt":"2026-03-06T10:09:46","guid":{"rendered":"https:\/\/simkopince.hu?post_type=product&#038;p=191"},"modified":"2026-03-06T17:01:09","modified_gmt":"2026-03-06T17:01:09","slug":"tokaji-edes-szamorodni-2016","status":"publish","type":"product","link":"https:\/\/simkopince.hu\/en\/product\/tokaji-edes-szamorodni-2016\/","title":{"rendered":"Tokaji \u00c9des Szamorodni"},"content":{"rendered":"<p>A szamorodni sz\u00f3 lengyel eredet\u0171, a k\u00e9sz\u00edt\u00e9s m\u00f3dj\u00e1ra utal. \u00d6nmag\u00e1b\u00f3l val\u00f3- az \u00e9p \u00e9s a beasz\u00fasodott bogy\u00f3k egy\u00fctt ker\u00fclnek feldolgoz\u00e1sra. Az asz\u00faszemek mennyis\u00e9g\u00e9t\u0151l f\u00fcgg\u0151en, ak\u00e1r egy h\u00e1rom puttonyos asz\u00fa min\u0151s\u00e9g\u00e9t is megk\u00f6zel\u00edtheti. Borosty\u00e1n s\u00e1rga sz\u00edne, \u00edz harm\u00f3ni\u00e1ja m\u00e9lt\u00e1n teszi a Tokaj-hegyaljai borvid\u00e9k egyik legkedveltebb k\u00fcl\u00f6nleges min\u0151s\u00e9g\u0171 bor\u00e1v\u00e1. A kev\u00e9sb\u00e9 \u00e9des desszertborok kedvel\u0151inek aj\u00e1nljuk. Fogyaszt\u00e1si h\u0151m\u00e9rs\u00e9klete 11-12\u00b0C.<\/p>\n<p>Kiszerel\u00e9s: 0.5 L<br \/>\nAlkoholtartalom: 13 %<br \/>\nSavtartalom: 6,81 g\/l<br \/>\nCukormentes extrakt tartalom: 32,6 g\/l<br \/>\npH: 3,49<br \/>\nCukortartalom: 92,9 g\/l<\/p>","protected":false},"excerpt":{"rendered":"<p>\u00c9des<\/p>","protected":false},"featured_media":3303,"template":"","meta":[],"product_brand":[],"product_cat":[24],"product_tag":[],"class_list":{"0":"post-191","1":"product","2":"type-product","3":"status-publish","4":"has-post-thumbnail","6":"product_cat-edes","8":"first","9":"instock","10":"shipping-taxable","11":"purchasable","12":"product-type-simple"},"_links":{"self":[{"href":"https:\/\/simkopince.hu\/en\/wp-json\/wp\/v2\/product\/191","targetHints":{"allow":["GET"]}}],"collection":[{"href":"https:\/\/simkopince.hu\/en\/wp-json\/wp\/v2\/product"}],"about":[{"href":"https:\/\/simkopince.hu\/en\/wp-json\/wp\/v2\/types\/product"}],"wp:featuredmedia":[{"embeddable":true,"href":"https:\/\/simkopince.hu\/en\/wp-json\/wp\/v2\/media\/3303"}],"wp:attachment":[{"href":"https:\/\/simkopince.hu\/en\/wp-json\/wp\/v2\/media?parent=191"}],"wp:term":[{"taxonomy":"product_brand","embeddable":true,"href":"https:\/\/simkopince.hu\/en\/wp-json\/wp\/v2\/product_brand?post=191"},{"taxonomy":"product_cat","embeddable":true,"href":"https:\/\/simkopince.hu\/en\/wp-json\/wp\/v2\/product_cat?post=191"},{"taxonomy":"product_tag","embeddable":true,"href":"https:\/\/simkopince.hu\/en\/wp-json\/wp\/v2\/product_tag?post=191"}],"curies":[{"name":"wp","href":"https:\/\/api.w.org\/{rel}","templated":true}]}}