{"id":186,"date":"2026-03-06T10:07:58","date_gmt":"2026-03-06T10:07:58","guid":{"rendered":"https:\/\/simkopince.hu?post_type=product&#038;p=186"},"modified":"2026-03-06T16:56:56","modified_gmt":"2026-03-06T16:56:56","slug":"tokaji-late-harvest","status":"publish","type":"product","link":"https:\/\/simkopince.hu\/en\/product\/tokaji-late-harvest\/","title":{"rendered":"Tokaji Late Harvest"},"content":{"rendered":"<p>A novemberi sz\u00fcretnek k\u00f6sz\u00f6nhet\u0151en a t\u00f6ppedt sz\u0151l\u0151szemekben magas cukortartalom koncentr\u00e1l\u00f3dott. A z\u00faz\u00e1s, bogy\u00f3z\u00e1s ut\u00e1n egy k\u00edm\u00e9letes pr\u00e9sel\u00e9s k\u00f6vetkezett majd az erjeszt\u00e9s sav\u00e1ll\u00f3 ac\u00e9ltart\u00e1lyban t\u00f6rt\u00e9nt. Ezut\u00e1n1\u00e9v fahord\u00f3s \u00e9rlel\u00e9s k\u00f6vetkezett majd 2\u00e9v palackos \u00e9rlel\u00e9s.<\/p>\n<p>Kiszerel\u00e9s: 0.5 L<br \/>\nAlkoholtartalom: 12 %<br \/>\nSavtartalom: 6,75 g\/l<br \/>\nExtrakt tartalom: 29,0 g\/l<br \/>\npH: 3,41<br \/>\nCukortartalom: 77,9 g\/l<\/p>","protected":false},"excerpt":{"rendered":"<p>\u00c9des<\/p>","protected":false},"featured_media":3299,"template":"","meta":[],"product_brand":[],"product_cat":[24],"product_tag":[],"class_list":{"0":"post-186","1":"product","2":"type-product","3":"status-publish","4":"has-post-thumbnail","6":"product_cat-edes","8":"first","9":"instock","10":"shipping-taxable","11":"purchasable","12":"product-type-simple"},"_links":{"self":[{"href":"https:\/\/simkopince.hu\/en\/wp-json\/wp\/v2\/product\/186","targetHints":{"allow":["GET"]}}],"collection":[{"href":"https:\/\/simkopince.hu\/en\/wp-json\/wp\/v2\/product"}],"about":[{"href":"https:\/\/simkopince.hu\/en\/wp-json\/wp\/v2\/types\/product"}],"wp:featuredmedia":[{"embeddable":true,"href":"https:\/\/simkopince.hu\/en\/wp-json\/wp\/v2\/media\/3299"}],"wp:attachment":[{"href":"https:\/\/simkopince.hu\/en\/wp-json\/wp\/v2\/media?parent=186"}],"wp:term":[{"taxonomy":"product_brand","embeddable":true,"href":"https:\/\/simkopince.hu\/en\/wp-json\/wp\/v2\/product_brand?post=186"},{"taxonomy":"product_cat","embeddable":true,"href":"https:\/\/simkopince.hu\/en\/wp-json\/wp\/v2\/product_cat?post=186"},{"taxonomy":"product_tag","embeddable":true,"href":"https:\/\/simkopince.hu\/en\/wp-json\/wp\/v2\/product_tag?post=186"}],"curies":[{"name":"wp","href":"https:\/\/api.w.org\/{rel}","templated":true}]}}