{"id":178,"date":"2026-03-06T10:04:32","date_gmt":"2026-03-06T10:04:32","guid":{"rendered":"https:\/\/simkopince.hu?post_type=product&#038;p=178"},"modified":"2026-03-06T16:55:10","modified_gmt":"2026-03-06T16:55:10","slug":"tokaji-szaraz-furmint-2017","status":"publish","type":"product","link":"https:\/\/simkopince.hu\/en\/product\/tokaji-szaraz-furmint-2017\/","title":{"rendered":"Tokaji Sz\u00e1raz Furmint"},"content":{"rendered":"<p>A Tokaj-hegyaljai Kincsem d\u0171l\u0151 d\u00e9li fekv\u00e9s\u0171 sz\u0151l\u0151ter\u00fclet\u00e9r\u0151l sz\u00e1rmaz\u00f3, meg\u00fajul\u00f3 csal\u00e1di kistermel\u00e9s\u00fcnk bor\u00e1szat\u00e1nak egyedi p\u00e9ld\u00e1ja. Az \u00e9p, \u00e9rett sz\u0151l\u0151bogy\u00f3k kiv\u00e1logat\u00e1s\u00e1nak, a k\u00edm\u00e9letes technol\u00f3gi\u00e1nak k\u00f6sz\u00f6nhet\u0151en az \u00fcde savak, gy\u00fcm\u00f6lcs\u00edzek \u00e9s hord\u00f3s jegyek kiv\u00e1l\u00f3an harmoniz\u00e1lnak.<\/p>\n<p>Kiszerel\u00e9s:0,75 L<br \/>\nAlkoholtartalom: 13,5 %<br \/>\nSavtartalom: 5,8 g\/l<br \/>\nExtrakt tartalom: 19,9 g\/l<br \/>\npH: 3,33<br \/>\nCukortartalom: 0,9 g\/l<\/p>","protected":false},"excerpt":{"rendered":"<p>Sz\u00e1raz<\/p>","protected":false},"featured_media":3301,"template":"","meta":[],"product_brand":[],"product_cat":[21],"product_tag":[],"class_list":{"0":"post-178","1":"product","2":"type-product","3":"status-publish","4":"has-post-thumbnail","6":"product_cat-szaraz","8":"first","9":"instock","10":"shipping-taxable","11":"purchasable","12":"product-type-simple"},"_links":{"self":[{"href":"https:\/\/simkopince.hu\/en\/wp-json\/wp\/v2\/product\/178","targetHints":{"allow":["GET"]}}],"collection":[{"href":"https:\/\/simkopince.hu\/en\/wp-json\/wp\/v2\/product"}],"about":[{"href":"https:\/\/simkopince.hu\/en\/wp-json\/wp\/v2\/types\/product"}],"wp:featuredmedia":[{"embeddable":true,"href":"https:\/\/simkopince.hu\/en\/wp-json\/wp\/v2\/media\/3301"}],"wp:attachment":[{"href":"https:\/\/simkopince.hu\/en\/wp-json\/wp\/v2\/media?parent=178"}],"wp:term":[{"taxonomy":"product_brand","embeddable":true,"href":"https:\/\/simkopince.hu\/en\/wp-json\/wp\/v2\/product_brand?post=178"},{"taxonomy":"product_cat","embeddable":true,"href":"https:\/\/simkopince.hu\/en\/wp-json\/wp\/v2\/product_cat?post=178"},{"taxonomy":"product_tag","embeddable":true,"href":"https:\/\/simkopince.hu\/en\/wp-json\/wp\/v2\/product_tag?post=178"}],"curies":[{"name":"wp","href":"https:\/\/api.w.org\/{rel}","templated":true}]}}