{"id":1078,"date":"2026-03-06T10:01:53","date_gmt":"2026-03-06T10:01:53","guid":{"rendered":"https:\/\/simkopince.hu\/?post_type=product&#038;p=1078"},"modified":"2026-03-06T16:39:09","modified_gmt":"2026-03-06T16:39:09","slug":"tokaji-nyerspezsgo","status":"publish","type":"product","link":"https:\/\/simkopince.hu\/en\/product\/tokaji-nyerspezsgo\/","title":{"rendered":"Tokaji Nyerspezsg\u0151"},"content":{"rendered":"<div>\n<p>Az egyik legn\u00e9pszer\u0171bb term\u00e9k\u00fcnk a Nyerspezsg\u0151 \u00fajra el\u00e9rhet\u0151. Furmint sz\u0151l\u0151fajt\u00e1b\u00f3l, trad\u00edcion\u00e1lis \u00e9rlel\u00e9si m\u00f3dszerrel k\u00e9sz\u00edtett Tokaji Nyerspezsg\u0151. Az \u00e9rlel\u00e9sre jellemz\u0151 \u00e9leszt\u0151s \u00edzek \u00e9s illatok \u00e9s a furmint fajt\u00e1b\u00f3l ad\u00f3d\u00f3 roppan\u00f3s savak kiv\u00e1l\u00f3 harm\u00f3ni\u00e1ja egyes\u00fcl ebben a Brut Nature pezs\u0151gben.<\/p>\n<\/div>\n<div class=\"text-content\">\n<div class=\"datas\">\n<div>Kiszerel\u00e9s: 0.75 L<\/div>\n<div>Alkoholtartalom: 12,0 %<\/div>\n<div>Savtartalom: 7,7 g\/l<\/div>\n<div>Cukormentes extrakt tartalom: 28,5 g\/l<\/div>\n<div>pH: 3,11<\/div>\n<div>Cukortartalom: &lt;0,1 g\/l<\/div>\n<\/div>\n<\/div>","protected":false},"excerpt":{"rendered":"<p><em>Brut Nature &#8211; M\u00e9thode Traditionelle<\/em><\/p>","protected":false},"featured_media":3298,"template":"","meta":[],"product_brand":[],"product_cat":[21],"product_tag":[],"class_list":{"0":"post-1078","1":"product","2":"type-product","3":"status-publish","4":"has-post-thumbnail","6":"product_cat-szaraz","8":"first","9":"instock","10":"shipping-taxable","11":"purchasable","12":"product-type-simple"},"_links":{"self":[{"href":"https:\/\/simkopince.hu\/en\/wp-json\/wp\/v2\/product\/1078","targetHints":{"allow":["GET"]}}],"collection":[{"href":"https:\/\/simkopince.hu\/en\/wp-json\/wp\/v2\/product"}],"about":[{"href":"https:\/\/simkopince.hu\/en\/wp-json\/wp\/v2\/types\/product"}],"wp:featuredmedia":[{"embeddable":true,"href":"https:\/\/simkopince.hu\/en\/wp-json\/wp\/v2\/media\/3298"}],"wp:attachment":[{"href":"https:\/\/simkopince.hu\/en\/wp-json\/wp\/v2\/media?parent=1078"}],"wp:term":[{"taxonomy":"product_brand","embeddable":true,"href":"https:\/\/simkopince.hu\/en\/wp-json\/wp\/v2\/product_brand?post=1078"},{"taxonomy":"product_cat","embeddable":true,"href":"https:\/\/simkopince.hu\/en\/wp-json\/wp\/v2\/product_cat?post=1078"},{"taxonomy":"product_tag","embeddable":true,"href":"https:\/\/simkopince.hu\/en\/wp-json\/wp\/v2\/product_tag?post=1078"}],"curies":[{"name":"wp","href":"https:\/\/api.w.org\/{rel}","templated":true}]}}