{"id":2928,"date":"2026-03-06T08:30:45","date_gmt":"2026-03-06T08:30:45","guid":{"rendered":"https:\/\/simkopince.hu\/?page_id=2928"},"modified":"2026-03-06T10:52:23","modified_gmt":"2026-03-06T10:52:23","slug":"rolunk","status":"publish","type":"page","link":"https:\/\/simkopince.hu\/en\/rolunk\/","title":{"rendered":"R\u00f3lunk"},"content":{"rendered":"<div data-elementor-type=\"wp-page\" data-elementor-id=\"2928\" class=\"elementor elementor-2928\" data-elementor-post-type=\"page\">\n\t\t\t\t<div class=\"elementor-element elementor-element-a283250 e-flex e-con-boxed e-con e-parent\" data-id=\"a283250\" data-element_type=\"container\" data-e-type=\"container\" data-settings=\"{&quot;background_background&quot;:&quot;classic&quot;}\">\n\t\t\t\t\t<div class=\"e-con-inner\">\n\t\t\t\t<div class=\"elementor-element elementor-element-58cd8f12 elementor-widget elementor-widget-heading\" data-id=\"58cd8f12\" data-element_type=\"widget\" data-e-type=\"widget\" data-widget_type=\"heading.default\">\n\t\t\t\t<div class=\"elementor-widget-container\">\n\t\t\t\t\t<h1 class=\"elementor-heading-title elementor-size-default\">R\u00f3lunk<\/h1>\t\t\t\t<\/div>\n\t\t\t\t<\/div>\n\t\t\t\t<div class=\"elementor-element elementor-element-78268dd6 elementor-widget__width-initial elementor-widget elementor-widget-text-editor\" data-id=\"78268dd6\" data-element_type=\"widget\" data-e-type=\"widget\" data-widget_type=\"text-editor.default\">\n\t\t\t\t<div class=\"elementor-widget-container\">\n\t\t\t\t\t\t\t\t\t<div class=\"elementor-element elementor-element-8691777 elementor-widget elementor-widget-text-editor\" data-id=\"8691777\" data-element_type=\"widget\" data-widget_type=\"text-editor.default\"><div class=\"elementor-widget-container\"><p>Sziasztok! Szeretn\u00e9nk itt k\u00f6tetlen\u00fcl, sablon sz\u00f6vegek n\u00e9lk\u00fcl \u00edrni. Sz\u00f3val, mi egy kedves csal\u00e1di bor\u00e1szat vagyunk Tokaj-Hegyalj\u00e1n. Olyan t\u00e9nyleg, igazi csal\u00e1di bor\u00e1szat. \u00c9desap\u00e1m \u00e9s \u00e9desany\u00e1m (S\u00e1ndor \u00e9s Marcsi) alap\u00edtottak a bor\u00e1szatot, mikor minket is alap\u00edtottak (G\u00e1bort \u00e9s engem, Kittit). Azt\u00e1n nagyon \u00fcgyesen \u00e9p\u00edtett\u00e9k v\u00e1llalkoz\u00e1sukat Evinor n\u00e9ven.<\/p><\/div><\/div>\t\t\t\t\t\t\t\t<\/div>\n\t\t\t\t<\/div>\n\t\t\t\t\t<\/div>\n\t\t\t\t<\/div>\n\t\t<div class=\"elementor-element elementor-element-e61653b e-flex e-con-boxed e-con e-parent\" data-id=\"e61653b\" data-element_type=\"container\" data-e-type=\"container\" data-settings=\"{&quot;background_background&quot;:&quot;classic&quot;}\">\n\t\t\t\t\t<div class=\"e-con-inner\">\n\t\t\t\t<div class=\"elementor-element elementor-element-1191bd23 elementor-widget__width-initial elementor-widget elementor-widget-text-editor\" data-id=\"1191bd23\" data-element_type=\"widget\" data-e-type=\"widget\" data-widget_type=\"text-editor.default\">\n\t\t\t\t<div class=\"elementor-widget-container\">\n\t\t\t\t\t\t\t\t\t<div class=\"elementor-element elementor-element-8691777 elementor-widget elementor-widget-text-editor\" data-id=\"8691777\" data-element_type=\"widget\" data-widget_type=\"text-editor.default\"><div class=\"elementor-widget-container\"><p>2013 k\u00f6rny\u00e9ken belecseppent\u00fcnk mi, \u00e9n \u00e9s a b\u00e1ty\u00e1m \u00e9s n\u00e9h\u00e1ny v\u00e1ltoztat\u00e1ssal folytattuk \u00e9s folytatjuk sz\u00fcleink \u00e1ltal megtanult munk\u00e1t. Egyetemre is j\u00e1rtunk, ott is tanultunk&#8230; csak tudj\u00e1tok&#8230;<\/p><p>Jelenleg az olasz p\u00e1rom is a bor\u00e1szatban dolgozik. Nah, \u0151 hozza az olasz lazas\u00e1got! \u00c9desany\u00e1m sv\u00e1b, sz\u00f3val lazas\u00e1gra sz\u00fcks\u00e9g van<\/p><\/div><\/div>\t\t\t\t\t\t\t\t<\/div>\n\t\t\t\t<\/div>\n\t\t\t\t\t<\/div>\n\t\t\t\t<\/div>\n\t\t<div class=\"elementor-element elementor-element-64261794 e-con-full e-flex e-con e-parent\" data-id=\"64261794\" data-element_type=\"container\" data-e-type=\"container\">\n\t\t\t\t<div class=\"elementor-element elementor-element-3c91ae76 elementor-widget elementor-widget-video\" data-id=\"3c91ae76\" data-element_type=\"widget\" data-e-type=\"widget\" data-settings=\"{&quot;youtube_url&quot;:&quot;https:\\\/\\\/youtu.be\\\/uYnQ9JRf2tk&quot;,&quot;cc_load_policy&quot;:&quot;yes&quot;,&quot;yt_privacy&quot;:&quot;yes&quot;,&quot;show_image_overlay&quot;:&quot;yes&quot;,&quot;image_overlay&quot;:{&quot;url&quot;:&quot;&quot;,&quot;id&quot;:&quot;&quot;,&quot;size&quot;:&quot;&quot;},&quot;video_type&quot;:&quot;youtube&quot;,&quot;controls&quot;:&quot;yes&quot;}\" data-widget_type=\"video.default\">\n\t\t\t\t<div class=\"elementor-widget-container\">\n\t\t\t\t\t\t\t<div class=\"elementor-wrapper elementor-open-inline\">\n\t\t\t<div class=\"elementor-video\"><\/div>\t\t<\/div>\n\t\t\t\t\t\t<\/div>\n\t\t\t\t<\/div>\n\t\t\t\t<\/div>\n\t\t<div class=\"elementor-element elementor-element-15bd356a e-flex e-con-boxed e-con e-parent\" data-id=\"15bd356a\" data-element_type=\"container\" data-e-type=\"container\" data-settings=\"{&quot;background_background&quot;:&quot;classic&quot;}\">\n\t\t\t\t\t<div class=\"e-con-inner\">\n\t\t\t\t<div class=\"elementor-element elementor-element-535162c6 elementor-widget__width-initial elementor-widget elementor-widget-text-editor\" data-id=\"535162c6\" data-element_type=\"widget\" data-e-type=\"widget\" data-widget_type=\"text-editor.default\">\n\t\t\t\t<div class=\"elementor-widget-container\">\n\t\t\t\t\t\t\t\t\t<p>De vissza a csal\u00e1di v\u00e1llalkoz\u00e1sra. Ha j\u00f6tt\u00f6k (borsodiasan j\u00f6szt\u00f6k) hozz\u00e1nk bork\u00f3stol\u00f3ra akkor vel\u00fcnk fogtok \u00e1m tal\u00e1lkozni, nem alkalmazottal. Mert t\u00e9nyleg beletessz\u00fck sz\u00edv\u00fcnket, lelk\u00fcnket. Ha bort rendeltek \u00e9s b\u00e1rmi k\u00e9rd\u00e9s\u00e9tek van, nyugodtan keressetek, k\u00e9rdezzetek \u00e9s seg\u00edt\u00fcnk mindenben. Ha pedig a vend\u00e9gh\u00e1zunkba j\u00f6tt\u00f6k, akkor a kulcs a l\u00e1bt\u00f6rl\u0151 alatt! (Van kamera, \u00fagyhogy \u00f3vatosan, haha) \u00c9s haszn\u00e1lhattok mindent, meg s\u00fct\u00fcnk veletek szalonn\u00e1t. \ud83d\ude42 A kis kuck\u00f3 pedig S\u00e1rospatak leggy\u00f6ny\u00f6r\u0171bb hely\u00e9n van. (Maxim\u00e1lis elfogults\u00e1g n\u00e9lk\u00fcl mondom!)<\/p>\t\t\t\t\t\t\t\t<\/div>\n\t\t\t\t<\/div>\n\t\t\t\t\t<\/div>\n\t\t\t\t<\/div>\n\t\t<div class=\"elementor-element elementor-element-2cf70e5b e-con-full e-flex e-con e-parent\" data-id=\"2cf70e5b\" data-element_type=\"container\" data-e-type=\"container\" data-settings=\"{&quot;background_background&quot;:&quot;classic&quot;}\">\n\t\t<div class=\"elementor-element elementor-element-76812d8e e-con-full e-flex e-con e-child\" data-id=\"76812d8e\" data-element_type=\"container\" data-e-type=\"container\">\n\t\t\t\t<\/div>\n\t\t\t\t<\/div>\n\t\t<div class=\"elementor-element elementor-element-458717dc e-flex e-con-boxed e-con e-parent\" data-id=\"458717dc\" data-element_type=\"container\" data-e-type=\"container\" data-settings=\"{&quot;background_background&quot;:&quot;classic&quot;}\">\n\t\t\t\t\t<div class=\"e-con-inner\">\n\t\t\t\t<div class=\"elementor-element elementor-element-55008a73 elementor-widget__width-initial elementor-widget elementor-widget-text-editor\" data-id=\"55008a73\" data-element_type=\"widget\" data-e-type=\"widget\" data-widget_type=\"text-editor.default\">\n\t\t\t\t<div class=\"elementor-widget-container\">\n\t\t\t\t\t\t\t\t\t<p>Sz\u00f3val ilyen bor\u00e1szat vagyunk mi!<\/p><p>Viszont a min\u0151s\u00e9g nagyon fontos!!!!! Ez\u00e9rt mindennap megk\u00f3stoljuk az \u00f6sszes t\u00e9telt, hogy mindig t\u00f6k\u00e9letes bort kapjatok \ud83d\ude09 Igazi \u00e1ldozat v\u00e1llal\u00e1s ez!<\/p><p>Szeretettel v\u00e1runk Titeket \u00e9s Eg\u00e9szs\u00e9getekre!<\/p><p>A Simk\u00f3 csal\u00e1d<\/p>\t\t\t\t\t\t\t\t<\/div>\n\t\t\t\t<\/div>\n\t\t\t\t\t<\/div>\n\t\t\t\t<\/div>\n\t\t<div class=\"elementor-element elementor-element-5b39295f e-con-full e-flex e-con e-parent\" data-id=\"5b39295f\" data-element_type=\"container\" data-e-type=\"container\" data-settings=\"{&quot;background_background&quot;:&quot;classic&quot;}\">\n\t\t<div class=\"elementor-element elementor-element-7dfa2144 e-con-full e-flex e-con e-child\" data-id=\"7dfa2144\" data-element_type=\"container\" data-e-type=\"container\">\n\t\t\t\t<\/div>\n\t\t\t\t<\/div>\n\t\t<div class=\"elementor-element elementor-element-164458c e-con-full e-flex e-con e-parent\" data-id=\"164458c\" data-element_type=\"container\" data-e-type=\"container\">\n\t\t<div class=\"elementor-element elementor-element-454d9db9 e-con-full e-flex e-con e-child\" data-id=\"454d9db9\" data-element_type=\"container\" data-e-type=\"container\">\n\t\t\t\t<div class=\"elementor-element elementor-element-38a1a695 elementor-widget elementor-widget-google_maps\" data-id=\"38a1a695\" data-element_type=\"widget\" data-e-type=\"widget\" data-widget_type=\"google_maps.default\">\n\t\t\t\t<div class=\"elementor-widget-container\">\n\t\t\t\t\t\t\t<div class=\"elementor-custom-embed\">\n\t\t\t<iframe loading=\"lazy\"\n\t\t\t\t\tsrc=\"https:\/\/maps.google.com\/maps?q=3950%20S%C3%A1rospatak%2C%20Arad%20u.2.&#038;t=m&#038;z=13&#038;output=embed&#038;iwloc=near\"\n\t\t\t\t\ttitle=\"3950 S\u00e1rospatak, Arad u.2.\"\n\t\t\t\t\taria-label=\"3950 S\u00e1rospatak, Arad u.2.\"\n\t\t\t><\/iframe>\n\t\t<\/div>\n\t\t\t\t\t\t<\/div>\n\t\t\t\t<\/div>\n\t\t\t\t<\/div>\n\t\t\t\t<\/div>\n\t\t\t\t<\/div>","protected":false},"excerpt":{"rendered":"<p>R\u00f3lunk Sziasztok! Szeretn\u00e9nk itt k\u00f6tetlen\u00fcl, sablon sz\u00f6vegek n\u00e9lk\u00fcl \u00edrni. Sz\u00f3val, mi egy kedves csal\u00e1di bor\u00e1szat vagyunk Tokaj-Hegyalj\u00e1n. Olyan t\u00e9nyleg, igazi csal\u00e1di bor\u00e1szat. \u00c9desap\u00e1m \u00e9s \u00e9desany\u00e1m (S\u00e1ndor \u00e9s Marcsi) alap\u00edtottak a bor\u00e1szatot, mikor minket is alap\u00edtottak (G\u00e1bort \u00e9s engem, Kittit). Azt\u00e1n nagyon \u00fcgyesen \u00e9p\u00edtett\u00e9k v\u00e1llalkoz\u00e1sukat Evinor n\u00e9ven. 2013 k\u00f6rny\u00e9ken belecseppent\u00fcnk mi, \u00e9n \u00e9s a b\u00e1ty\u00e1m \u00e9s [&hellip;]<\/p>","protected":false},"author":3,"featured_media":0,"parent":0,"menu_order":0,"comment_status":"closed","ping_status":"closed","template":"elementor_header_footer","meta":{"footnotes":""},"class_list":["post-2928","page","type-page","status-publish","hentry"],"_links":{"self":[{"href":"https:\/\/simkopince.hu\/en\/wp-json\/wp\/v2\/pages\/2928","targetHints":{"allow":["GET"]}}],"collection":[{"href":"https:\/\/simkopince.hu\/en\/wp-json\/wp\/v2\/pages"}],"about":[{"href":"https:\/\/simkopince.hu\/en\/wp-json\/wp\/v2\/types\/page"}],"author":[{"embeddable":true,"href":"https:\/\/simkopince.hu\/en\/wp-json\/wp\/v2\/users\/3"}],"replies":[{"embeddable":true,"href":"https:\/\/simkopince.hu\/en\/wp-json\/wp\/v2\/comments?post=2928"}],"version-history":[{"count":0,"href":"https:\/\/simkopince.hu\/en\/wp-json\/wp\/v2\/pages\/2928\/revisions"}],"wp:attachment":[{"href":"https:\/\/simkopince.hu\/en\/wp-json\/wp\/v2\/media?parent=2928"}],"curies":[{"name":"wp","href":"https:\/\/api.w.org\/{rel}","templated":true}]}}