{"id":2927,"date":"2026-03-06T08:30:04","date_gmt":"2026-03-06T08:30:04","guid":{"rendered":"https:\/\/simkopince.hu\/?page_id=2927"},"modified":"2026-03-06T10:39:32","modified_gmt":"2026-03-06T10:39:32","slug":"vendeghazak","status":"publish","type":"page","link":"https:\/\/simkopince.hu\/en\/vendeghazak\/","title":{"rendered":"Vend\u00e9gh\u00e1zak"},"content":{"rendered":"<div data-elementor-type=\"wp-page\" data-elementor-id=\"2927\" class=\"elementor elementor-2927\" data-elementor-post-type=\"page\">\n\t\t\t\t<div class=\"elementor-element elementor-element-39d7e43e e-flex e-con-boxed e-con e-parent\" data-id=\"39d7e43e\" data-element_type=\"container\" data-e-type=\"container\" data-settings=\"{&quot;background_background&quot;:&quot;classic&quot;}\">\n\t\t\t\t\t<div class=\"e-con-inner\">\n\t\t\t\t<div class=\"elementor-element elementor-element-3865ce00 elementor-widget elementor-widget-heading\" data-id=\"3865ce00\" data-element_type=\"widget\" data-e-type=\"widget\" data-widget_type=\"heading.default\">\n\t\t\t\t<div class=\"elementor-widget-container\">\n\t\t\t\t\t<h1 class=\"elementor-heading-title elementor-size-default\">Vend\u00e9gh\u00e1zaink<\/h1>\t\t\t\t<\/div>\n\t\t\t\t<\/div>\n\t\t\t\t\t<\/div>\n\t\t\t\t<\/div>\n\t\t<div class=\"elementor-element elementor-element-228e22e2 e-flex e-con-boxed e-con e-parent\" data-id=\"228e22e2\" data-element_type=\"container\" data-e-type=\"container\" data-settings=\"{&quot;background_background&quot;:&quot;classic&quot;}\">\n\t\t\t\t\t<div class=\"e-con-inner\">\n\t\t<div class=\"elementor-element elementor-element-3b8d1f55 e-con-full e-flex e-con e-child\" data-id=\"3b8d1f55\" data-element_type=\"container\" data-e-type=\"container\">\n\t\t<div class=\"elementor-element elementor-element-3479275c e-con-full animated-slow e-flex elementor-invisible e-con e-child\" data-id=\"3479275c\" data-element_type=\"container\" data-e-type=\"container\" data-settings=\"{&quot;background_background&quot;:&quot;classic&quot;,&quot;animation&quot;:&quot;fadeInUp&quot;,&quot;animation_delay&quot;:0}\">\n\t\t\t\t<div class=\"elementor-element elementor-element-59a8de9f elementor-widget elementor-widget-heading\" data-id=\"59a8de9f\" data-element_type=\"widget\" data-e-type=\"widget\" data-widget_type=\"heading.default\">\n\t\t\t\t<div class=\"elementor-widget-container\">\n\t\t\t\t\t<h3 class=\"elementor-heading-title elementor-size-default\">Simk\u00f3 Vend\u00e9gh\u00e1z<\/h3>\t\t\t\t<\/div>\n\t\t\t\t<\/div>\n\t\t\t\t<div class=\"elementor-element elementor-element-22b8cb62 elementor-widget elementor-widget-image\" data-id=\"22b8cb62\" data-element_type=\"widget\" data-e-type=\"widget\" data-widget_type=\"image.default\">\n\t\t\t\t<div class=\"elementor-widget-container\">\n\t\t\t\t\t\t\t\t\t\t\t\t\t\t\t<img loading=\"lazy\" decoding=\"async\" width=\"800\" height=\"534\" src=\"https:\/\/simkopince.hu\/wp-content\/uploads\/2026\/03\/Simko-Vendeghaz-Fokep-1024x683.webp\" class=\"attachment-large size-large wp-image-2821\" alt=\"\" srcset=\"https:\/\/simkopince.hu\/wp-content\/uploads\/2026\/03\/Simko-Vendeghaz-Fokep-1024x683.webp 1024w, https:\/\/simkopince.hu\/wp-content\/uploads\/2026\/03\/Simko-Vendeghaz-Fokep-300x200.webp 300w, https:\/\/simkopince.hu\/wp-content\/uploads\/2026\/03\/Simko-Vendeghaz-Fokep-768x512.webp 768w, https:\/\/simkopince.hu\/wp-content\/uploads\/2026\/03\/Simko-Vendeghaz-Fokep-18x12.webp 18w, https:\/\/simkopince.hu\/wp-content\/uploads\/2026\/03\/Simko-Vendeghaz-Fokep-600x400.webp 600w, https:\/\/simkopince.hu\/wp-content\/uploads\/2026\/03\/Simko-Vendeghaz-Fokep-64x43.webp 64w, https:\/\/simkopince.hu\/wp-content\/uploads\/2026\/03\/Simko-Vendeghaz-Fokep.webp 1536w\" sizes=\"auto, (max-width: 800px) 100vw, 800px\" \/>\t\t\t\t\t\t\t\t\t\t\t\t\t\t\t<\/div>\n\t\t\t\t<\/div>\n\t\t<div class=\"elementor-element elementor-element-36374511 e-con-full e-flex e-con e-child\" data-id=\"36374511\" data-element_type=\"container\" data-e-type=\"container\">\n\t\t\t\t<div class=\"elementor-element elementor-element-50bfba04 btn-gold elementor-widget elementor-widget-button\" data-id=\"50bfba04\" data-element_type=\"widget\" data-e-type=\"widget\" data-widget_type=\"button.default\">\n\t\t\t\t<div class=\"elementor-widget-container\">\n\t\t\t\t\t\t\t\t\t<div class=\"elementor-button-wrapper\">\n\t\t\t\t\t<a class=\"elementor-button elementor-button-link elementor-size-sm\" href=\"https:\/\/simkopince.hu\/en\/vendeghaz\/\">\n\t\t\t\t\t\t<span class=\"elementor-button-content-wrapper\">\n\t\t\t\t\t\t\t\t\t<span class=\"elementor-button-text\">Megn\u00e9zem<\/span>\n\t\t\t\t\t<\/span>\n\t\t\t\t\t<\/a>\n\t\t\t\t<\/div>\n\t\t\t\t\t\t\t\t<\/div>\n\t\t\t\t<\/div>\n\t\t\t\t<div class=\"elementor-element elementor-element-2c39c84e btn-outline elementor-widget elementor-widget-button\" data-id=\"2c39c84e\" data-element_type=\"widget\" data-e-type=\"widget\" data-widget_type=\"button.default\">\n\t\t\t\t<div class=\"elementor-widget-container\">\n\t\t\t\t\t\t\t\t\t<div class=\"elementor-button-wrapper\">\n\t\t\t\t\t<a class=\"elementor-button elementor-button-link elementor-size-sm\" href=\"https:\/\/simkopince.hu\/en\/online-foglalas\/\">\n\t\t\t\t\t\t<span class=\"elementor-button-content-wrapper\">\n\t\t\t\t\t\t\t\t\t<span class=\"elementor-button-text\">Online foglal\u00e1s<\/span>\n\t\t\t\t\t<\/span>\n\t\t\t\t\t<\/a>\n\t\t\t\t<\/div>\n\t\t\t\t\t\t\t\t<\/div>\n\t\t\t\t<\/div>\n\t\t\t\t<\/div>\n\t\t\t\t<div class=\"elementor-element elementor-element-5a13f8f6 elementor-widget elementor-widget-text-editor\" data-id=\"5a13f8f6\" data-element_type=\"widget\" data-e-type=\"widget\" data-widget_type=\"text-editor.default\">\n\t\t\t\t<div class=\"elementor-widget-container\">\n\t\t\t\t\t\t\t\t\t<p>Nyugodt k\u00f6rnyezet \u00b7 Maximum 12 f\u0151<\/p>\t\t\t\t\t\t\t\t<\/div>\n\t\t\t\t<\/div>\n\t\t\t\t<\/div>\n\t\t<div class=\"elementor-element elementor-element-fd8ae9 e-con-full animated-slow e-flex elementor-invisible e-con e-child\" data-id=\"fd8ae9\" data-element_type=\"container\" data-e-type=\"container\" data-settings=\"{&quot;background_background&quot;:&quot;classic&quot;,&quot;animation&quot;:&quot;fadeInUp&quot;,&quot;animation_delay&quot;:300}\">\n\t\t\t\t<div class=\"elementor-element elementor-element-4404c5ae elementor-widget elementor-widget-heading\" data-id=\"4404c5ae\" data-element_type=\"widget\" data-e-type=\"widget\" data-widget_type=\"heading.default\">\n\t\t\t\t<div class=\"elementor-widget-container\">\n\t\t\t\t\t<h3 class=\"elementor-heading-title elementor-size-default\">La Villetta\n<\/h3>\t\t\t\t<\/div>\n\t\t\t\t<\/div>\n\t\t\t\t<div class=\"elementor-element elementor-element-5618f855 elementor-widget elementor-widget-image\" data-id=\"5618f855\" data-element_type=\"widget\" data-e-type=\"widget\" data-widget_type=\"image.default\">\n\t\t\t\t<div class=\"elementor-widget-container\">\n\t\t\t\t\t\t\t\t\t\t\t\t\t\t\t<img loading=\"lazy\" decoding=\"async\" width=\"800\" height=\"534\" src=\"https:\/\/simkopince.hu\/wp-content\/uploads\/2026\/03\/La-Villetta-Fokep_fekvo-1024x683.webp\" class=\"attachment-large size-large wp-image-2822\" alt=\"\" srcset=\"https:\/\/simkopince.hu\/wp-content\/uploads\/2026\/03\/La-Villetta-Fokep_fekvo-1024x683.webp 1024w, https:\/\/simkopince.hu\/wp-content\/uploads\/2026\/03\/La-Villetta-Fokep_fekvo-300x200.webp 300w, https:\/\/simkopince.hu\/wp-content\/uploads\/2026\/03\/La-Villetta-Fokep_fekvo-768x512.webp 768w, https:\/\/simkopince.hu\/wp-content\/uploads\/2026\/03\/La-Villetta-Fokep_fekvo-18x12.webp 18w, https:\/\/simkopince.hu\/wp-content\/uploads\/2026\/03\/La-Villetta-Fokep_fekvo-600x400.webp 600w, https:\/\/simkopince.hu\/wp-content\/uploads\/2026\/03\/La-Villetta-Fokep_fekvo-64x43.webp 64w, https:\/\/simkopince.hu\/wp-content\/uploads\/2026\/03\/La-Villetta-Fokep_fekvo.webp 1536w\" sizes=\"auto, (max-width: 800px) 100vw, 800px\" \/>\t\t\t\t\t\t\t\t\t\t\t\t\t\t\t<\/div>\n\t\t\t\t<\/div>\n\t\t<div class=\"elementor-element elementor-element-97e0e3f e-con-full e-flex e-con e-child\" data-id=\"97e0e3f\" data-element_type=\"container\" data-e-type=\"container\">\n\t\t\t\t<div class=\"elementor-element elementor-element-3287dbbf btn-gold elementor-widget elementor-widget-button\" data-id=\"3287dbbf\" data-element_type=\"widget\" data-e-type=\"widget\" data-widget_type=\"button.default\">\n\t\t\t\t<div class=\"elementor-widget-container\">\n\t\t\t\t\t\t\t\t\t<div class=\"elementor-button-wrapper\">\n\t\t\t\t\t<a class=\"elementor-button elementor-button-link elementor-size-sm\" href=\"https:\/\/simkopince.hu\/en\/lavilletta\/\">\n\t\t\t\t\t\t<span class=\"elementor-button-content-wrapper\">\n\t\t\t\t\t\t\t\t\t<span class=\"elementor-button-text\">Megn\u00e9zem<\/span>\n\t\t\t\t\t<\/span>\n\t\t\t\t\t<\/a>\n\t\t\t\t<\/div>\n\t\t\t\t\t\t\t\t<\/div>\n\t\t\t\t<\/div>\n\t\t\t\t<div class=\"elementor-element elementor-element-59a679df btn-outline elementor-widget elementor-widget-button\" data-id=\"59a679df\" data-element_type=\"widget\" data-e-type=\"widget\" data-widget_type=\"button.default\">\n\t\t\t\t<div class=\"elementor-widget-container\">\n\t\t\t\t\t\t\t\t\t<div class=\"elementor-button-wrapper\">\n\t\t\t\t\t<a class=\"elementor-button elementor-button-link elementor-size-sm\" href=\"https:\/\/simkopince.hu\/en\/online-foglalas\/\">\n\t\t\t\t\t\t<span class=\"elementor-button-content-wrapper\">\n\t\t\t\t\t\t\t\t\t<span class=\"elementor-button-text\">Online foglal\u00e1s<\/span>\n\t\t\t\t\t<\/span>\n\t\t\t\t\t<\/a>\n\t\t\t\t<\/div>\n\t\t\t\t\t\t\t\t<\/div>\n\t\t\t\t<\/div>\n\t\t\t\t<\/div>\n\t\t\t\t<div class=\"elementor-element elementor-element-1802f57b elementor-widget elementor-widget-text-editor\" data-id=\"1802f57b\" data-element_type=\"widget\" data-e-type=\"widget\" data-widget_type=\"text-editor.default\">\n\t\t\t\t<div class=\"elementor-widget-container\">\n\t\t\t\t\t\t\t\t\t<p>Wine \u00b7 Relax \u00b7 Family<\/p>\t\t\t\t\t\t\t\t<\/div>\n\t\t\t\t<\/div>\n\t\t\t\t<\/div>\n\t\t\t\t<\/div>\n\t\t\t\t<div class=\"elementor-element elementor-element-51b3305d elementor-widget elementor-widget-text-editor\" data-id=\"51b3305d\" data-element_type=\"widget\" data-e-type=\"widget\" data-widget_type=\"text-editor.default\">\n\t\t\t\t<div class=\"elementor-widget-container\">\n\t\t\t\t\t\t\t\t\t<p>Vend\u00e9gh\u00e1zaink h\u00e9tv\u00e9g\u00e9re kiz\u00e1r\u00f3lag egyben foglalhat\u00f3ak.<br \/>A Simk\u00f3-vend\u00e9gh\u00e1z 10\u201312 f\u0151, a La Villetta 10 f\u0151 befogad\u00e1s\u00e1ra alkalmas, csal\u00e1doknak \u00e9s bar\u00e1ti t\u00e1rsas\u00e1goknak aj\u00e1nljuk.<br \/>Egyben a k\u00e9t vend\u00e9gh\u00e1z: 22 f\u0151.<br \/>A k\u00e9t vend\u00e9gh\u00e1z egym\u00e1s mellett tal\u00e1lhat\u00f3.<\/p>\t\t\t\t\t\t\t\t<\/div>\n\t\t\t\t<\/div>\n\t\t\t\t\t<\/div>\n\t\t\t\t<\/div>\n\t\t\t\t<\/div>","protected":false},"excerpt":{"rendered":"<p>Vend\u00e9gh\u00e1zaink Simk\u00f3 Vend\u00e9gh\u00e1z Megn\u00e9zem Online foglal\u00e1s Nyugodt k\u00f6rnyezet \u00b7 Maximum 12 f\u0151 La Villetta Megn\u00e9zem Online foglal\u00e1s Wine \u00b7 Relax \u00b7 Family Vend\u00e9gh\u00e1zaink h\u00e9tv\u00e9g\u00e9re kiz\u00e1r\u00f3lag egyben foglalhat\u00f3ak.A Simk\u00f3-vend\u00e9gh\u00e1z 10\u201312 f\u0151, a La Villetta 10 f\u0151 befogad\u00e1s\u00e1ra alkalmas, csal\u00e1doknak \u00e9s bar\u00e1ti t\u00e1rsas\u00e1goknak aj\u00e1nljuk.Egyben a k\u00e9t vend\u00e9gh\u00e1z: 22 f\u0151.A k\u00e9t vend\u00e9gh\u00e1z egym\u00e1s mellett tal\u00e1lhat\u00f3.<\/p>","protected":false},"author":3,"featured_media":0,"parent":0,"menu_order":0,"comment_status":"closed","ping_status":"closed","template":"elementor_header_footer","meta":{"footnotes":""},"class_list":["post-2927","page","type-page","status-publish","hentry"],"_links":{"self":[{"href":"https:\/\/simkopince.hu\/en\/wp-json\/wp\/v2\/pages\/2927","targetHints":{"allow":["GET"]}}],"collection":[{"href":"https:\/\/simkopince.hu\/en\/wp-json\/wp\/v2\/pages"}],"about":[{"href":"https:\/\/simkopince.hu\/en\/wp-json\/wp\/v2\/types\/page"}],"author":[{"embeddable":true,"href":"https:\/\/simkopince.hu\/en\/wp-json\/wp\/v2\/users\/3"}],"replies":[{"embeddable":true,"href":"https:\/\/simkopince.hu\/en\/wp-json\/wp\/v2\/comments?post=2927"}],"version-history":[{"count":0,"href":"https:\/\/simkopince.hu\/en\/wp-json\/wp\/v2\/pages\/2927\/revisions"}],"wp:attachment":[{"href":"https:\/\/simkopince.hu\/en\/wp-json\/wp\/v2\/media?parent=2927"}],"curies":[{"name":"wp","href":"https:\/\/api.w.org\/{rel}","templated":true}]}}